{"id":21634,"date":"2019-02-07T15:04:59","date_gmt":"2019-02-07T15:04:59","guid":{"rendered":"http:\/\/sunandblue.eu\/?page_id=21634"},"modified":"2022-08-16T13:24:54","modified_gmt":"2022-08-16T13:24:54","slug":"o-nas","status":"publish","type":"page","link":"https:\/\/sunandblue.eu\/pl\/o-nas\/","title":{"rendered":"O NAS"},"content":{"rendered":"<p>[et_pb_section fb_built=&#8221;1&#8243; _builder_version=&#8221;4.16&#8243; background_color=&#8221;#f4f4f4&#8243; custom_padding=&#8221;0px||0px|&#8221; global_colors_info=&#8221;{}&#8221;][et_pb_row _builder_version=&#8221;4.16&#8243; background_size=&#8221;initial&#8221; background_position=&#8221;top_left&#8221; background_repeat=&#8221;repeat&#8221; global_colors_info=&#8221;{}&#8221;][et_pb_column type=&#8221;4_4&#8243; _builder_version=&#8221;4.16&#8243; custom_padding=&#8221;|||&#8221; global_colors_info=&#8221;{}&#8221; custom_padding__hover=&#8221;|||&#8221;][et_pb_code admin_label=&#8221;T\u00edtulo&#8221; _builder_version=&#8221;4.16&#8243; text_orientation=&#8221;center&#8221; global_colors_info=&#8221;{}&#8221;]<\/p>\n<h1 class=\"section-title\" style=\"margin-bottom:0px;\" >O NAS<\/h1>\n<p>[\/et_pb_code][\/et_pb_column][\/et_pb_row][\/et_pb_section][et_pb_section fb_built=&#8221;1&#8243; _builder_version=&#8221;4.16&#8243; global_colors_info=&#8221;{}&#8221;][et_pb_row _builder_version=&#8221;4.16&#8243; max_width=&#8221;700px&#8221; use_custom_width=&#8221;on&#8221; custom_width_px=&#8221;700px&#8221; global_colors_info=&#8221;{}&#8221;][et_pb_column type=&#8221;4_4&#8243; _builder_version=&#8221;4.16&#8243; custom_padding=&#8221;|||&#8221; global_colors_info=&#8221;{}&#8221; custom_padding__hover=&#8221;|||&#8221;][et_pb_text _builder_version=&#8221;4.16&#8243; text_text_color=&#8221;#477693&#8243; text_font_size=&#8221;16px&#8221; global_colors_info=&#8221;{}&#8221;]<\/p>\n<p>Bazuj\u0105c na do\u015bwiadczeniu, doskona\u0142ej znajomo\u015bci rynku oraz relacjach opartych na zaufaniu, oferujemy kompleksowe i profesjonalne us\u0142ugi po\u015brednictwa sprzeda\u017cy i wynajmu nieruchomo\u015bci.<\/p>\n<p>[\/et_pb_text][et_pb_text _builder_version=&#8221;4.16&#8243; global_colors_info=&#8221;{}&#8221;]<\/p>\n<p>&nbsp;<\/p>\n<ul class=\"ctm-list\" style=\"padding-left: 30px; padding-top: 10px;\">\n<li><span style=\"font-size: medium;\">Obs\u0142ugujemy transakcje w j\u0119zyku hiszpa\u0144skim, niemieckim, angielskim i polskim.<\/span><\/li>\n<li><span style=\"font-size: medium;\">Proces zakupu nieruchomo\u015bci prowadzimy od pocz\u0105tku do ko\u0144ca.<\/span><\/li>\n<li><span style=\"font-size: medium;\">Pomagamy w za\u0142atwieniu wszystkich formalno\u015bci.<\/span><\/li>\n<li><span style=\"font-size: medium;\">Gwarantujemy zaanga\u017cowanie na ka\u017cdym etapie zakupu i obs\u0142ugi nieruchomo\u015bci.<\/span><\/li>\n<li><span style=\"font-size: medium;\">Doradzamy w wyborze nieruchomo\u015bci pod inwestycj\u0119.<\/span><\/li>\n<li><span style=\"font-size: medium;\">Pomagamy zarz\u0105dza\u0107 nieruchomo\u015bci\u0105 tak, aby przynosi\u0142a zysk.<\/span><\/li>\n<li><span style=\"font-size: medium;\">Doskonale znamy lokalne uwarunkowania, ludzi, j\u0119zyk i mo\u017cemy zapewni\u0107, \u017ce posiadamy wszytko, \u017ceby znale\u017a\u0107 dla Pa\u0144stwa wymarzone miejsce na hiszpa\u0144skim wybrze\u017cu.<\/span><\/li>\n<\/ul>\n<p>[\/et_pb_text][et_pb_divider divider_weight=&#8221;5&#8243; _builder_version=&#8221;4.16&#8243; max_width=&#8221;3.5%&#8221; module_alignment=&#8221;left&#8221; height=&#8221;20px&#8221; global_colors_info=&#8221;{}&#8221;][\/et_pb_divider][et_pb_text _builder_version=&#8221;4.16&#8243; text_text_color=&#8221;#477693&#8243; text_font_size=&#8221;16px&#8221; global_colors_info=&#8221;{}&#8221;]<\/p>\n<p>Od wielu lat mieszkam na Costa del Sol. Tutaj kupi\u0142am kiedy\u015b apartament, kt\u00f3ry sta\u0142 si\u0119 moim domem. Jeste\u015bcie na pocz\u0105tku drogi, kt\u00f3r\u0105 ja przeby\u0142am sama, a nast\u0119pnie z kilkuset klientami.<br \/>Doskonale znam rynek nieruchomo\u015bci w Hiszpanii. Wi\u0119kszo\u015b\u0107 projekt\u00f3w realizuj\u0119 w mojej ukochanej Andaluzji, jednak wiele transakcji przeprowadzi\u0142am w innych regionach Hiszpanii.<br \/>Doradz\u0119 w wyborze Waszego nowego domu. Skr\u00f3c\u0119 dla Was czas transakcji, obni\u017c\u0119 koszty zakupu i zmaksymalizuj\u0119 zyski z wynajmu. Ka\u017cda transakcja jest dla mnie najwa\u017cniejsza.<\/p>\n<blockquote>\n<p><em>Nie czekaj z zakupem nieruchomo\u015bci, kup nieruchomo\u015b\u0107 i czekaj.<\/em>\u00a0\u2013 <strong>T.Harv Eker<\/strong><\/p>\n<\/blockquote>\n<p>[\/et_pb_text][\/et_pb_column][\/et_pb_row][\/et_pb_section][et_pb_section fb_built=&#8221;1&#8243; _builder_version=&#8221;4.16&#8243; background_color=&#8221;#f4f4f4&#8243; global_colors_info=&#8221;{}&#8221;][et_pb_row _builder_version=&#8221;4.16&#8243; max_width=&#8221;700px&#8221; use_custom_width=&#8221;on&#8221; custom_width_px=&#8221;700px&#8221; global_colors_info=&#8221;{}&#8221;][et_pb_column type=&#8221;4_4&#8243; _builder_version=&#8221;4.16&#8243; custom_padding=&#8221;|||&#8221; global_colors_info=&#8221;{}&#8221; custom_padding__hover=&#8221;|||&#8221;][et_pb_text admin_label=&#8221;Agents&#8221; _builder_version=&#8221;4.16&#8243; text_orientation=&#8221;center&#8221; global_colors_info=&#8221;{}&#8221;]<\/p>\n<p><img loading=\"lazy\" decoding=\"async\" class=\"alignnone size-medium wp-image-22135\" src=\"https:\/\/sunandblue.eu\/wp-content\/uploads\/2019\/02\/IMG_4833-300x225.jpeg\" alt=\"\" width=\"300\" height=\"225\" srcset=\"https:\/\/sunandblue.eu\/wp-content\/uploads\/2019\/02\/IMG_4833-300x225.jpeg 300w, https:\/\/sunandblue.eu\/wp-content\/uploads\/2019\/02\/IMG_4833-768x577.jpeg 768w, https:\/\/sunandblue.eu\/wp-content\/uploads\/2019\/02\/IMG_4833-1024x769.jpeg 1024w, https:\/\/sunandblue.eu\/wp-content\/uploads\/2019\/02\/IMG_4833-510x382.jpeg 510w, https:\/\/sunandblue.eu\/wp-content\/uploads\/2019\/02\/IMG_4833-1080x811.jpeg 1080w, https:\/\/sunandblue.eu\/wp-content\/uploads\/2019\/02\/IMG_4833.jpeg 1278w\" sizes=\"(max-width: 300px) 100vw, 300px\" \/><\/p>\n<h3 class=\"agent-name\">Dorota Witkowska<\/h3>\n<h3 class=\"agent-position\"><span style=\"color: #477596; font-size: large;\">Za\u0142o\u017cycielka &amp; CEO<\/span><\/h3>\n<p><span class=\"agent-lang\"><img decoding=\"async\" src=\"\/wp-content\/uploads\/2018\/12\/001-poland.png\" \/><\/span><span class=\"agent-lang\"><img decoding=\"async\" src=\"\/wp-content\/uploads\/2018\/12\/germany.png\" \/><\/span><span class=\"agent-lang\"><img decoding=\"async\" src=\"\/wp-content\/uploads\/2018\/12\/003-united-kingdom.png\" \/><\/span><span class=\"agent-lang\"><img decoding=\"async\" src=\"\/wp-content\/uploads\/2018\/12\/004-spain.png\" \/><\/span><\/p>\n<p>[\/et_pb_text][\/et_pb_column][\/et_pb_row][\/et_pb_section][et_pb_section fb_built=&#8221;1&#8243; _builder_version=&#8221;4.16&#8243; background_color=&#8221;#477693&#8243; custom_padding=&#8221;0px||0px|&#8221; global_colors_info=&#8221;{}&#8221;][et_pb_row column_structure=&#8221;3_5,2_5&#8243; _builder_version=&#8221;4.16&#8243; custom_padding=&#8221;20px||20px|&#8221; global_colors_info=&#8221;{}&#8221;][et_pb_column type=&#8221;3_5&#8243; _builder_version=&#8221;4.16&#8243; custom_padding=&#8221;|||&#8221; global_colors_info=&#8221;{}&#8221; custom_padding__hover=&#8221;|||&#8221;][et_pb_text admin_label=&#8221;CTA Text&#8221; _builder_version=&#8221;4.16&#8243; text_orientation=&#8221;center&#8221; global_colors_info=&#8221;{}&#8221;]<\/p>\n<h2 class=\"cta-title\">Skontaktuj si\u0119 z naszym zespo\u0142em!<\/h2>\n<p>[\/et_pb_text][\/et_pb_column][et_pb_column type=&#8221;2_5&#8243; _builder_version=&#8221;4.16&#8243; custom_padding=&#8221;|||&#8221; global_colors_info=&#8221;{}&#8221; custom_padding__hover=&#8221;|||&#8221;][et_pb_text admin_label=&#8221;CTA Btn&#8221; _builder_version=&#8221;4.16&#8243; text_orientation=&#8221;center&#8221; global_colors_info=&#8221;{}&#8221;]<\/p>\n<p>\n<a class=\"cta-btn\" href=\"\/pl\/contact\/\">Wy\u015blij nam wiadomo\u015b\u0107<\/a><\/p>\n<p>[\/et_pb_text][\/et_pb_column][\/et_pb_row][\/et_pb_section][et_pb_section fb_built=&#8221;1&#8243; disabled_on=&#8221;off|off|off&#8221; _builder_version=&#8221;4.16&#8243; global_colors_info=&#8221;{}&#8221;][et_pb_row _builder_version=&#8221;4.16&#8243; background_size=&#8221;initial&#8221; background_position=&#8221;top_left&#8221; background_repeat=&#8221;repeat&#8221; global_colors_info=&#8221;{}&#8221;][et_pb_column type=&#8221;4_4&#8243; _builder_version=&#8221;4.16&#8243; custom_padding=&#8221;|||&#8221; global_colors_info=&#8221;{}&#8221; custom_padding__hover=&#8221;|||&#8221;][et_pb_text admin_label=&#8221;Testimonials&#8221; _builder_version=&#8221;4.16&#8243; global_colors_info=&#8221;{}&#8221;]<\/p>\n<p>\n<div id=\"testimonials-slide\" class=\"carousel slide\" data-ride=\"carousel\">\n\n  <!-- Wrapper for slides -->\n  <div class=\"carousel-inner\">\n\n    \n\n\n\n        <div class=\"item\">\n            <div class=\"row\">\n                <div class=\"col-md-12\">\n                    <h4 class=\"testimonial-location\"><\/h4>\n                    <p class=\"testimonial-content\">Wczoraj kolejny raz przekona\u0142am si\u0119 \u017ce miejsce i ludzie tutaj s\u0105 magiczni, a \u017cycie jest pe\u0142ne mi\u0142ych niespodzianek.\r\nDorota &amp; S\u0105siedzi ... bardzo dziekuj\u0119!<\/p>\n                    <h2 class=\"testimonial-title\">Ania, Warszawa<\/h2>\n                <\/div>\n            <\/div>\n        <\/div>\n\n\n    \n\n\n\n        <div class=\"item\">\n            <div class=\"row\">\n                <div class=\"col-md-12\">\n                    <h4 class=\"testimonial-location\"><\/h4>\n                    <p class=\"testimonial-content\">Mam ogromn\u0105 przyjemno\u015b\u0107 potwierdzi\u0107 profesjonalizm i zaanga\u017cowanie SUN &amp; BLUE PROPERTIES w procesie znalezienia a nast\u0119pnie zakupu nieruchomosci na Costa del Sol. Wszystko przebieg\u0142o niezwykle sprawnie. Sprecyzowali\u015bmy kryteria, zlecili\u015bmy wyszukanie apartament\u00f3w przed naszym przylotem, obejrzeli\u015bmy wskazane wcze\u015bniej wsp\u00f3lnie nieruchomosci i wybrali\u015bmy! Dzi\u0119ki Pani Dorocie ca\u0142a operacja zamkn\u0119\u0142a si\u0119 w jednej wizycie studyjnej, kolejna to ju\u017c podpisanie aktu notarialnego. Obecnie nasz apartament jest pod jej opiek\u0105; wynajmujemy go gdy przebywamy w Polsce. Apartament zarabia na siebie. Jeste\u015bmy bardzo zadowoleni ze wsp\u00f3\u0142pracy. Z ca\u0142\u0105 odpowiedzialno\u015bci\u0105 polecamy!<\/p>\n                    <h2 class=\"testimonial-title\"><\/h2>\n                <\/div>\n            <\/div>\n        <\/div>\n\n\n    \n\n\n\n        <div class=\"item\">\n            <div class=\"row\">\n                <div class=\"col-md-12\">\n                    <h4 class=\"testimonial-location\"><\/h4>\n                    <p class=\"testimonial-content\">Z wielk\u0105 przyjemno\u015bci\u0105 mog\u0119 poleci\u0107 Pani\u0105 Dorot\u0119 jako osob\u0119 rzeteln\u0105, kompetentn\u0105, a przede wszystkim niezwykle skuteczn\u0105. Zakup naszego wymarzonego mieszkania w Hiszpanii odby\u0142 si\u0119 szybko i bezproblemowo. Z pozdrowieniami i podzi\u0119kowaniami.<\/p>\n                    <h2 class=\"testimonial-title\">WW<\/h2>\n                <\/div>\n            <\/div>\n        <\/div>\n\n\n    \n\n\n\n        <div class=\"item\">\n            <div class=\"row\">\n                <div class=\"col-md-12\">\n                    <h4 class=\"testimonial-location\"><\/h4>\n                    <p class=\"testimonial-content\">Z Sun &amp; Blue kupili\u015bmy apartamento w Puerto de la Duquesa. Widok na morze, s\u0142o\u0144ce, ciep\u0142e zimy. Mn\u00f3stwo fajnych knajpek, restauracji, klub\u00f3w. Apartament wybrany z 5 propozycji wyselekcjonowanych przez Sub &amp; Blue. Mieli\u015bmy trudny wyb\u00f3r ale suma summarum \u2013 jeste\u015bmy mega zadowoleni. Dzi\u0119kujemy za pomoc i bardzo polecamy!<\/p>\n                    <h2 class=\"testimonial-title\">Justyna i Krzysztof<\/h2>\n                <\/div>\n            <\/div>\n        <\/div>\n\n\n    \n\n\n\n        <div class=\"item\">\n            <div class=\"row\">\n                <div class=\"col-md-12\">\n                    <h4 class=\"testimonial-location\"><\/h4>\n                    <p class=\"testimonial-content\">No i wreszcie mieszkamy w naszym ukochanym Soto Dorotko, dzi\u0119kujemy Tobie za pomoc w wyborze i zakupie domu! Przez te ostatnie 2 lata wprowadzi\u0142a\u015b nas w klimat Andaluzji. Pokaza\u0142a\u015b tyle wspania\u0142ych miejsc\u2026 Nasza wdzi\u0119czno\u015b\u0107 jest wielka jak the Rock na Gibonie.<\/p>\n                    <h2 class=\"testimonial-title\">K&S<\/h2>\n                <\/div>\n            <\/div>\n        <\/div>\n\n\n    \n\n\n\n        <div class=\"item\">\n            <div class=\"row\">\n                <div class=\"col-md-12\">\n                    <h4 class=\"testimonial-location\"><\/h4>\n                    <p class=\"testimonial-content\">Zar\u00f3wno sama transakcja kupna, jak i obecne zarz\u0105dzanie nieruchomo\u015bci\u0105 \u2013 bez zarzutu. Bez ukrytych dop\u0142at. Wszystko jasne, czytelne i uczciwe od pocz\u0105tku do ko\u0144ca. Pozdrawiam serdecznie.<\/p>\n                    <h2 class=\"testimonial-title\">Robert<\/h2>\n                <\/div>\n            <\/div>\n        <\/div>\n\n\n    \n\n\n\n        <div class=\"item\">\n            <div class=\"row\">\n                <div class=\"col-md-12\">\n                    <h4 class=\"testimonial-location\"><\/h4>\n                    <p class=\"testimonial-content\">Na pocz\u0105tku moj\u0105 ide\u0105 by\u0142 zakup ma\u0142ego apartamentu pod wynajem w okolicach Gibraltaru. Dzi\u0119ki Sun and Blue uda\u0142o si\u0119 taki znale\u017a\u0107 \u2013 i to ca\u0142kiem niema\u0142y, bo z tarasem ma ponad 100m2. Po kilkunastu urlopach sp\u0119dzonych w apartamencie zacz\u0119\u0142am tu przebywa\u0107 cz\u0119\u015bciej. Wyd\u0142u\u017ca\u0142am swoje pobyty i \u2026 od roku mieszkam tu na sta\u0142e pracuj\u0119 na Gibraltarze Dorota, dzi\u0119kuj\u0119 Tobie za pomoc w spe\u0142nieniu marze\u0144 i znalezieniu nowego \u017cycia!<\/p>\n                    <h2 class=\"testimonial-title\">Iza<\/h2>\n                <\/div>\n            <\/div>\n        <\/div>\n\n\n    \n\n\n\n        <div class=\"item\">\n            <div class=\"row\">\n                <div class=\"col-md-12\">\n                    <h4 class=\"testimonial-location\"><\/h4>\n                    <p class=\"testimonial-content\">Apartament kupili\u015bmy w celach inwestycyjnych \u2013 pod kr\u00f3tkoterminowy wynajem. Co szczeg\u00f3lnie nam si\u0119 podoba\u0142o, to \u015bwietne rozpoznanie i wyczucie naszych oczekiwa\u0144 (bardzo pomocny kwestionariusz!:) oraz doskona\u0142y wyb\u00f3r apartament\u00f3w na czas naszej wizyty studyjnej na Costa del Sol. Pozwoli\u0142o to zaoszcz\u0119dzi\u0107 czas i dokona\u0107 sensownego wyboru w trakcie 4 dniowego pobytu w Hiszpanii. Pani Dorota zaj\u0119\u0142a si\u0119 wszystkimi sprawami administracyjnymi, notarialnymi, przepisaniem wody, itp. Aktualnie zarz\u0105dza nieruchomo\u015bci\u0105, wynajmuje na kr\u00f3tkie okresy. Super wygodny i sensowny finansowo uk\u0142ad. Oby wi\u0119cej takich po\u015brednik\u00f3w!<\/p>\n                    <h2 class=\"testimonial-title\">Micha\u0142 i Marcin<\/h2>\n                <\/div>\n            <\/div>\n        <\/div>\n\n\n    \n\n\n\n        <div class=\"item\">\n            <div class=\"row\">\n                <div class=\"col-md-12\">\n                    <h4 class=\"testimonial-location\"><\/h4>\n                    <p class=\"testimonial-content\">Kupi\u0142am za po\u015brednictwem Sun &amp; Blue apartament 3-pokojowy z wielkim tarasem w ONA Valle Romano. Przepi\u0119kny widok na pola golfowe i morze. Wysoka zyskowno\u015b\u0107 w skali roku. Ja przebywam tu z rodzin\u0105 3 x 2 tygodnie na wakacjach. Przez reszt\u0119 roku apartament jest wynajmowany i pracuje na siebie. Przyznaj\u0119, \u017ce na pocz\u0105tku mia\u0142am inne pomys\u0142y na w\u0142asne miejsce w Hiszpanii ale dwie wizyty robocze i objazd nieruchomo\u015bci z pani\u0105 Dorot\u0105 pozwoli\u0142y podj\u0105\u0107 w\u0142a\u015bciw\u0105 decyzj\u0119 \u2013 z kt\u00f3rej jestem bardzo zadowolona.<\/p>\n                    <h2 class=\"testimonial-title\">Klara, Warszawa<\/h2>\n                <\/div>\n            <\/div>\n        <\/div>\n\n\n    \n\n\n\n        <div class=\"item\">\n            <div class=\"row\">\n                <div class=\"col-md-12\">\n                    <h4 class=\"testimonial-location\"><\/h4>\n                    <p class=\"testimonial-content\">Nie ma to jak obejrze\u0107 w sobot\u0119 mecz Primera Division na \u017cywo i kupi\u0107 kilka rzeczy na rebajas a w niedziel\u0119 zje\u015b\u0107 \u015bwie\u017ce owoce morza w Esteponie i wypi\u0107 kaw\u0119 na tarasie w\u0142asnego apartamentu Dorota, dzi\u0119kuj\u0119! Bez Ciebie nie by\u0142oby to mo\u017cliwe<\/p>\n                    <h2 class=\"testimonial-title\"><\/h2>\n                <\/div>\n            <\/div>\n        <\/div>\n\n\n    \n\n\n\n        <div class=\"item\">\n            <div class=\"row\">\n                <div class=\"col-md-12\">\n                    <h4 class=\"testimonial-location\"><\/h4>\n                    <p class=\"testimonial-content\">Wsp\u00f3\u0142praca na wysokim poziomie. Dorota wszystkiego dopilnowa\u0142a. Zapewni\u0142a nam poczucie bezpiecze\u0144stwa. Transakcja zapi\u0119ta na ostatni guzik. Przy okazji \u2013 bardzo mi\u0142a i serdeczna osoba. Polecamy w 100%.<\/p>\n                    <h2 class=\"testimonial-title\">Maria i Zbigniew<\/h2>\n                <\/div>\n            <\/div>\n        <\/div>\n\n\n    \n  <\/div>\n\n  <!-- Left and right controls -->\n  <a class=\"left carousel-control\" data=\"#testimonials-slide\" data-slide=\"prev\" data-target=\"#testimonials-slide\">\n    <i class=\"fa fa-angle-left\"><\/i>\n  <\/a>\n  <a class=\"right carousel-control\" data=\"#testimonials-slide\" data-slide=\"next\" data-target=\"#testimonials-slide\">\n    <i class=\"fa fa-angle-right\"><\/i>\n  <\/a>\n<\/div>\n\n\n<script>\n\n(function($) {\n\n    $(document).ready(function(){\n\n        $('.carousel-inner .item:first-child').addClass('active');\n\n\n    });\n\n})( jQuery );\n\n<\/script>\n<br \/>\n[\/et_pb_text][\/et_pb_column][\/et_pb_row][\/et_pb_section][et_pb_section fb_built=&#8221;1&#8243; _builder_version=&#8221;4.16&#8243; custom_padding=&#8221;0px|0px|0px|0px&#8221; global_colors_info=&#8221;{}&#8221;][et_pb_row _builder_version=&#8221;4.16&#8243; width=&#8221;100%&#8221; max_width=&#8221;100%&#8221; custom_padding=&#8221;0px|0px|0px|0px&#8221; use_custom_width=&#8221;on&#8221; width_unit=&#8221;off&#8221; custom_width_percent=&#8221;100%&#8221; global_colors_info=&#8221;{}&#8221;][et_pb_column type=&#8221;4_4&#8243; _builder_version=&#8221;4.16&#8243; custom_padding=&#8221;|||&#8221; global_colors_info=&#8221;{}&#8221; custom_padding__hover=&#8221;|||&#8221;][et_pb_map_extended map_custom_style=&#8221;on&#8221; map_custom_code=&#8221;%91<br \/>\n    {<br \/>\n        %22featureType%22: %22administrative%22,<br \/>\n        %22elementType%22: %22all%22,<br \/>\n        %22stylers%22: %91<br \/>\n            {<br \/>\n                %22saturation%22: %22-100%22<br \/>\n            }<br \/>\n        %93<br \/>\n    },<br \/>\n    {<br \/>\n        %22featureType%22: %22administrative.province%22,<br \/>\n        %22elementType%22: %22all%22,<br \/>\n        %22stylers%22: %91<br \/>\n            {<br \/>\n                %22visibility%22: %22off%22<br \/>\n            }<br \/>\n        %93<br \/>\n    },<br \/>\n    {<br \/>\n        %22featureType%22: %22landscape%22,<br \/>\n        %22elementType%22: %22all%22,<br \/>\n        %22stylers%22: %91<br \/>\n            {<br \/>\n                %22saturation%22: -100<br \/>\n            },<br \/>\n            {<br \/>\n                %22lightness%22: 65<br \/>\n            },<br \/>\n            {<br \/>\n                %22visibility%22: %22on%22<br \/>\n            }<br \/>\n        %93<br \/>\n    },<br \/>\n    {<br \/>\n        %22featureType%22: %22poi%22,<br \/>\n        %22elementType%22: %22all%22,<br \/>\n        %22stylers%22: %91<br \/>\n            {<br \/>\n                %22saturation%22: -100<br \/>\n            },<br \/>\n            {<br \/>\n                %22lightness%22: %2250%22<br \/>\n            },<br \/>\n            {<br \/>\n                %22visibility%22: %22simplified%22<br \/>\n            }<br \/>\n        %93<br \/>\n    },<br \/>\n    {<br \/>\n        %22featureType%22: %22road%22,<br \/>\n        %22elementType%22: %22all%22,<br \/>\n        %22stylers%22: %91<br \/>\n            {<br \/>\n                %22saturation%22: %22-100%22<br \/>\n            }<br \/>\n        %93<br \/>\n    },<br \/>\n    {<br \/>\n        %22featureType%22: %22road.highway%22,<br \/>\n        %22elementType%22: %22all%22,<br \/>\n        %22stylers%22: %91<br \/>\n            {<br \/>\n                %22visibility%22: %22simplified%22<br \/>\n            }<br \/>\n        %93<br \/>\n    },<br \/>\n    {<br \/>\n        %22featureType%22: %22road.arterial%22,<br \/>\n        %22elementType%22: %22all%22,<br \/>\n        %22stylers%22: %91<br \/>\n            {<br \/>\n                %22lightness%22: %2230%22<br \/>\n            }<br \/>\n        %93<br \/>\n    },<br \/>\n    {<br \/>\n        %22featureType%22: %22road.local%22,<br \/>\n        %22elementType%22: %22all%22,<br \/>\n        %22stylers%22: %91<br \/>\n            {<br \/>\n                %22lightness%22: %2240%22<br \/>\n            }<br \/>\n        %93<br \/>\n    },<br \/>\n    {<br \/>\n        %22featureType%22: %22transit%22,<br \/>\n        %22elementType%22: %22all%22,<br \/>\n        %22stylers%22: %91<br \/>\n            {<br \/>\n                %22saturation%22: -100<br \/>\n            },<br \/>\n            {<br \/>\n                %22visibility%22: %22simplified%22<br \/>\n            }<br \/>\n        %93<br \/>\n    },<br \/>\n    {<br \/>\n        %22featureType%22: %22water%22,<br \/>\n        %22elementType%22: %22geometry%22,<br \/>\n        %22stylers%22: %91<br \/>\n            {<br \/>\n                %22hue%22: %22#ffff00%22<br \/>\n            },<br \/>\n            {<br \/>\n                %22lightness%22: -25<br \/>\n            },<br \/>\n            {<br \/>\n                %22saturation%22: -97<br \/>\n            }<br \/>\n        %93<br \/>\n    },<br \/>\n    {<br \/>\n        %22featureType%22: %22water%22,<br \/>\n        %22elementType%22: %22labels%22,<br \/>\n        %22stylers%22: %91<br \/>\n            {<br \/>\n                %22lightness%22: -25<br \/>\n            },<br \/>\n            {<br \/>\n                %22saturation%22: -100<br \/>\n            }<br \/>\n        %93<br \/>\n    }<br \/>\n%93&#8243; marker_animation=&#8221;on&#8221; address=&#8221;29640 Fuengirola, M\u00e1laga, Espa\u00f1a&#8221; address_lat=&#8221;36.544148&#8243; address_lng=&#8221;-4.624943900000062&#8243; mouse_wheel=&#8221;off&#8221; use_grayscale_filter=&#8221;on&#8221; grayscale_filter_amount=&#8221;100&#8243; _builder_version=&#8221;4.16&#8243; global_colors_info=&#8221;{}&#8221;][\/et_pb_map_extended][\/et_pb_column][\/et_pb_row][\/et_pb_section]<\/p>\n","protected":false},"excerpt":{"rendered":"<p>Bazuj\u0105c na do\u015bwiadczeniu, doskona\u0142ej znajomo\u015bci rynku oraz relacjach opartych na zaufaniu, oferujemy kompleksowe i profesjonalne us\u0142ugi po\u015brednictwa sprzeda\u017cy i wynajmu nieruchomo\u015bci. &nbsp; Obs\u0142ugujemy transakcje w j\u0119zyku hiszpa\u0144skim, niemieckim, angielskim i polskim. Proces zakupu nieruchomo\u015bci prowadzimy od pocz\u0105tku do ko\u0144ca. Pomagamy w za\u0142atwieniu wszystkich formalno\u015bci. Gwarantujemy zaanga\u017cowanie na ka\u017cdym etapie zakupu i obs\u0142ugi nieruchomo\u015bci. Doradzamy w [&hellip;]<\/p>\n","protected":false},"author":1,"featured_media":0,"parent":0,"menu_order":0,"comment_status":"closed","ping_status":"closed","template":"","meta":{"_et_pb_use_builder":"on","_et_pb_old_content":"","_et_gb_content_width":"","footnotes":""},"class_list":["post-21634","page","type-page","status-publish","hentry"],"_links":{"self":[{"href":"https:\/\/sunandblue.eu\/pl\/wp-json\/wp\/v2\/pages\/21634","targetHints":{"allow":["GET"]}}],"collection":[{"href":"https:\/\/sunandblue.eu\/pl\/wp-json\/wp\/v2\/pages"}],"about":[{"href":"https:\/\/sunandblue.eu\/pl\/wp-json\/wp\/v2\/types\/page"}],"author":[{"embeddable":true,"href":"https:\/\/sunandblue.eu\/pl\/wp-json\/wp\/v2\/users\/1"}],"replies":[{"embeddable":true,"href":"https:\/\/sunandblue.eu\/pl\/wp-json\/wp\/v2\/comments?post=21634"}],"version-history":[{"count":5,"href":"https:\/\/sunandblue.eu\/pl\/wp-json\/wp\/v2\/pages\/21634\/revisions"}],"predecessor-version":[{"id":92932,"href":"https:\/\/sunandblue.eu\/pl\/wp-json\/wp\/v2\/pages\/21634\/revisions\/92932"}],"wp:attachment":[{"href":"https:\/\/sunandblue.eu\/pl\/wp-json\/wp\/v2\/media?parent=21634"}],"curies":[{"name":"wp","href":"https:\/\/api.w.org\/{rel}","templated":true}]}}