{"id":402,"date":"2018-11-22T16:10:51","date_gmt":"2018-11-22T16:10:51","guid":{"rendered":"http:\/\/sunandblue.eu\/aftersale-services\/"},"modified":"2019-02-04T15:30:24","modified_gmt":"2019-02-04T15:30:24","slug":"aftersale-services","status":"publish","type":"page","link":"https:\/\/sunandblue.eu\/pl\/aftersale-services\/","title":{"rendered":"SERWIS POSPRZEDA\u017bOWY"},"content":{"rendered":"<p>[et_pb_section bb_built=&#8221;1&#8243; _builder_version=&#8221;3.17.6&#8243; background_color=&#8221;#f4f4f4&#8243; custom_padding=&#8221;0px||0px|&#8221; next_background_color=&#8221;#ffffff&#8221;][et_pb_row][et_pb_column type=&#8221;4_4&#8243;][et_pb_code admin_label=&#8221;T\u00edtulo&#8221; _builder_version=&#8221;3.17.6&#8243; text_orientation=&#8221;center&#8221;]<\/p>\n<h1 class=\"section-title\" style=\"margin-bottom:0px;\" >US\u0141UGI POSPRZEDA\u017bOWE<\/h1>\n<p>[\/et_pb_code][\/et_pb_column][\/et_pb_row][\/et_pb_section][et_pb_section bb_built=&#8221;1&#8243; specialty=&#8221;off&#8221; prev_background_color=&#8221;#f4f4f4&#8243; next_background_color=&#8221;#f4f4f4&#8243; _builder_version=&#8221;3.17.6&#8243;][et_pb_row _builder_version=&#8221;3.17.6&#8243;][et_pb_column type=&#8221;4_4&#8243;][et_pb_text _builder_version=&#8221;3.17.6&#8243; text_text_color=&#8221;#477693&#8243; text_font_size=&#8221;16px&#8221; text_orientation=&#8221;center&#8221;]<\/p>\n<p>Pa\u0144stwa dom jest naszym domem. Zaopiekujemy si\u0119 nim podczas Pa\u0144stwa nieobecno\u015bci. Posiadanie nieruchomo\u015bci w Hiszpanii b\u0119dzie dla Pa\u0144stwa przyjemno\u015bci\u0105 opart\u0105 na porz\u0105dku i poczuciu bezpiecze\u0144stwa.<\/p>\n<p>Regularna dba\u0142o\u015b\u0107 o apartament nie tylko zapewni Pa\u0144stwu spok\u00f3j, ale tak\u017ce podniesie warto\u015b\u0107 nieruchomo\u015bci w oczach zainteresowanych najmem. Zajmiemy si\u0119 Pa\u0144stwa nieruchomo\u015bci\u0105 tak, \u017ceby przynosi\u0142a zysk. Je\u015bli dokonujecie zakupu w celach inwestycyjnych, to wynajmiemy apartament na korzystnych warunkach.<\/p>\n<p>W zakres us\u0142ug posprzeda\u017cowych \u015bwiadczonych przez Sun&amp;Blue wchodz\u0105 nast\u0119puj\u0105ce pakiety:<\/p>\n<p>[\/et_pb_text][\/et_pb_column][\/et_pb_row][et_pb_row _builder_version=&#8221;3.17.6&#8243;][et_pb_column type=&#8221;1_3&#8243;][et_pb_text _builder_version=&#8221;3.17.6&#8243; text_orientation=&#8221;center&#8221; text_text_color=&#8221;#477693&#8243; custom_padding=&#8221;||20px|&#8221;]<\/p>\n<p>\n<a href=\"#first\"><img loading=\"lazy\" decoding=\"async\" class=\"alignnone size-full wp-image-308\" src=\"\/wp-content\/uploads\/2018\/12\/Llaves.png\" alt=\"\" width=\"124\" height=\"124\"><br \/><strong>ZARZ\u0104DZANIE<br \/>NIERUCHOMO\u015aCI\u0104<\/strong><\/a><\/p>\n<p>[\/et_pb_text][\/et_pb_column][et_pb_column type=&#8221;1_3&#8243;][et_pb_text _builder_version=&#8221;3.17.6&#8243; text_orientation=&#8221;center&#8221; text_text_color=&#8221;#477693&#8243; custom_padding=&#8221;||20px|&#8221;]<\/p>\n<p>\n<a href=\"#second\"><img loading=\"lazy\" decoding=\"async\" class=\"alignnone size-full wp-image-306\" src=\"\/wp-content\/uploads\/2018\/12\/Doc.png\" alt=\"\" width=\"124\" height=\"124\"><br \/><strong>ZARZ\u0104DZANIE<br \/>NAJMEM<\/strong><\/a><\/p>\n<p>[\/et_pb_text][\/et_pb_column][et_pb_column type=&#8221;1_3&#8243;][et_pb_text _builder_version=&#8221;3.17.6&#8243; text_orientation=&#8221;center&#8221; text_text_color=&#8221;#477693&#8243;]<\/p>\n<p>\n<a href=\"#third\"><img loading=\"lazy\" decoding=\"async\" class=\"alignnone size-full wp-image-304\" src=\"\/wp-content\/uploads\/2018\/12\/Casa.png\" alt=\"\" width=\"124\" height=\"124\"><br \/><strong>US\u0141UGI<br \/>DODATKOWE<\/strong><\/a><\/p>\n<p>[\/et_pb_text][\/et_pb_column][\/et_pb_row][et_pb_row][et_pb_column type=&#8221;4_4&#8243;][et_pb_text _builder_version=&#8221;3.17.6&#8243; text_text_color=&#8221;#477693&#8243; text_font_size=&#8221;16px&#8221; text_orientation=&#8221;center&#8221;]<\/p>\n<p>Mo\u017cna je modyfikowa\u0107 celem dopasowania do Pa\u0144stwa indywidualnych preferencji.<\/p>\n<p>[\/et_pb_text][\/et_pb_column][\/et_pb_row][\/et_pb_section][et_pb_section bb_built=&#8221;1&#8243; _builder_version=&#8221;3.17.6&#8243; background_color=&#8221;#f4f4f4&#8243; custom_padding=&#8221;0px||0px|&#8221; next_background_color=&#8221;#ffffff&#8221; prev_background_color=&#8221;#ffffff&#8221; module_id=&#8221;first&#8221;][et_pb_row _builder_version=&#8221;3.17.6&#8243; custom_padding=&#8221;60px||60px|&#8221;][et_pb_column type=&#8221;4_4&#8243;][et_pb_text _builder_version=&#8221;3.17.6&#8243; text_text_color=&#8221;#477693&#8243; text_font_size=&#8221;16px&#8221;]<\/p>\n<p><strong>ZARZ\u0104DZANIE NIERUCHOMO\u015aCI\u0104<\/strong><\/p>\n<ul class=\"custom-list\">\n<li>Przechowanie kluczy w bezpiecznym miejscu<\/li>\n<li>Wizyta kontrolna w apartamencie (raz w miesi\u0105cu): przep\u0142ukanie odp\u0142yw\u00f3w w kuchni i \u0142azienkach, sprawdzenie urz\u0105dze\u0144 wodnokanalizacyjnych, instalacji elektrycznej, klimatyzacji, okien, drzwi, zamk\u00f3w i wietrzenie pomieszcze\u0144<\/li>\n<li>Zapewnienie w razie potrzeby pomocy fachowc\u00f3w (hydraulik, elektryk, cie\u015bla, architekt wn\u0119trz, ekipa budowlana, \u201ez\u0142ota r\u0105czka\u201d, itp.)<\/li>\n<li>Pomoc w doposa\u017caniu mieszkania (w tym zakup mebli, po\u015bcieli, zas\u0142on, r\u0119cznik\u00f3w, itp.)<\/li>\n<li>Po\u015brednictwo w ubezpieczeniu nieruchomo\u015bci i kontakty z ubezpieczalnia\u0328<\/li>\n<li>Zainstalowanie internetu i telewizji<\/li>\n<li>Bie\u017c\u0105ce kontakty z administracja\u0328<\/li>\n<li>Pomoc w p\u0142atno\u015bciach sta\u0142ych (pr\u0105d, woda, internet, op\u0142aty za rzecz wsp\u00f3lnoty)<\/li>\n<li>Wsparcie w rozliczaniu podatk\u00f3w<\/li>\n<li>Udzia\u0142 w spotkaniach wsp\u00f3lnoty mieszkaniowej<\/li>\n<\/ul>\n<p>[\/et_pb_text][\/et_pb_column][\/et_pb_row][\/et_pb_section][et_pb_section bb_built=&#8221;1&#8243; _builder_version=&#8221;3.17.6&#8243; background_color=&#8221;#ffffff&#8221; custom_padding=&#8221;0px||0px|&#8221; next_background_color=&#8221;#f4f4f4&#8243; prev_background_color=&#8221;#f4f4f4&#8243; module_id=&#8221;second&#8221;][et_pb_row _builder_version=&#8221;3.17.6&#8243; custom_padding=&#8221;60px||60px|&#8221;][et_pb_column type=&#8221;4_4&#8243;][et_pb_text _builder_version=&#8221;3.17.6&#8243; text_text_color=&#8221;#477693&#8243; text_font_size=&#8221;16px&#8221;]<\/p>\n<p><strong>ZARZ\u0104DZANIE NAJMEM<\/strong><\/p>\n<ul class=\"custom-list\">\n<li>Wyrobienie numeru licencji turystycznej<\/li>\n<li>Marketing i reklama nieruchomo\u015bci na stronach internetowych (booking.com, airbnb, lokalne media, itp.)<\/li>\n<li>Proaktywne pozyskiwanie klient\u00f3w zainteresowanych wynajmem<\/li>\n<li>Uzgadnianie warunk\u00f3w i przygotowanie um\u00f3w najmu<\/li>\n<li>Po\u015brednictwo w wynajmie samochodu<\/li>\n<li>Meet&amp;amp;Great: przywiezienie kluczy, przywitanie go\u015bci<\/li>\n<li>Bie\u017c\u0105ce monitorowanie najemc\u00f3w<\/li>\n<li>Sprawdzanie bie\u017c\u0105cych p\u0142atno\u015bci<\/li>\n<li>Kontrola stanu nieruchomo\u015bci po ka\u017cdym pobycie najemc\u00f3w<\/li>\n<li>Koordynacja us\u0142ug sprz\u0105taniaUs\u0142ugi dodatkowe<\/li>\n<\/ul>\n<p>[\/et_pb_text][\/et_pb_column][\/et_pb_row][\/et_pb_section][et_pb_section bb_built=&#8221;1&#8243; _builder_version=&#8221;3.17.6&#8243; background_color=&#8221;#f4f4f4&#8243; custom_padding=&#8221;0px||0px|&#8221; next_background_color=&#8221;#ffffff&#8221; prev_background_color=&#8221;#ffffff&#8221; module_id=&#8221;third&#8221;][et_pb_row _builder_version=&#8221;3.17.6&#8243; custom_padding=&#8221;60px||60px|&#8221;][et_pb_column type=&#8221;4_4&#8243;][et_pb_text _builder_version=&#8221;3.17.6&#8243; text_text_color=&#8221;#477693&#8243; text_font_size=&#8221;16px&#8221;]<\/p>\n<p><strong>US\u0141UGI DODATKOWE<\/strong><\/p>\n<p>Dla Klient\u00f3w niezainteresowanych pe\u0142n\u0105 us\u0142ug\u0105 po\u015brednictwa SUN &amp; BLUE wykonuje r\u00f3wnie\u017c wybrane czynno\u015bci oraz dodatkowe us\u0142ugi posprzeda\u017cowe.<\/p>\n<ul class=\"custom-list\">\n<li>Wyrobienie numeru NIE<\/li>\n<li>Sprawdzenie ksi\u0119gi wieczystej<\/li>\n<li>Zebranie i przygotowanie dokument\u00f3w niezb\u0119dnych do przeprowadzenia transakcji<\/li>\n<li>Przepisanie medi\u00f3w na klienta<\/li>\n<li>Wyrobienie numeru licencji turystycznej<\/li>\n<\/ul>\n<p style=\"padding-top:15px\">Wycena ka\u017cdej z us\u0142ug &#8211; pojedynczo lub w pakiecie &#8211; dokonywana jest ka\u017cdorazowo w zale\u017cno\u015bci od zakresu wybranych us\u0142ug.<\/p>\n<p>Zapytaj nas o warunki wsp\u00f3\u0142pracy.<\/p>\n<p>[\/et_pb_text][\/et_pb_column][\/et_pb_row][\/et_pb_section][et_pb_section bb_built=&#8221;1&#8243; _builder_version=&#8221;3.17.6&#8243; background_color=&#8221;#ffffff&#8221; custom_padding=&#8221;0px||0px|&#8221; next_background_color=&#8221;#477693&#8243; prev_background_color=&#8221;#f4f4f4&#8243; module_id=&#8221;second&#8221;][et_pb_row _builder_version=&#8221;3.17.6&#8243; custom_padding=&#8221;60px||60px|&#8221;][et_pb_column type=&#8221;1_2&#8243;][et_pb_text _builder_version=&#8221;3.17.6&#8243; text_text_color=&#8221;#477693&#8243; text_font_size=&#8221;16px&#8221;]<\/p>\n<p style=\"padding-bottom: 10px;\">Mo\u017cesz pobra\u0107 wszystkie te informacje w jednym pliku PDF:<\/p>\n<p>[\/et_pb_text][et_pb_code admin_label=&#8221;Button&#8221; _builder_version=&#8221;3.17.6&#8243; text_orientation=&#8221;left&#8221; animation_style=&#8221;slide&#8221;]<a class=\"button\" href=\"#\">\u015aCI\u0104GNIJ PDF<\/a>[\/et_pb_code][\/et_pb_column][et_pb_column type=&#8221;1_2&#8243;][\/et_pb_column][\/et_pb_row][\/et_pb_section][et_pb_section bb_built=&#8221;1&#8243; specialty=&#8221;off&#8221; _builder_version=&#8221;3.17.6&#8243; custom_padding=&#8221;0px||0px|&#8221; next_background_color=&#8221;#ffffff&#8221; background_color=&#8221;#477693&#8243; link_option_url=&#8221;CTA inline&#8221; prev_background_color=&#8221;#ffffff&#8221;][et_pb_row _builder_version=&#8221;3.17.6&#8243; custom_padding=&#8221;20px||20px|&#8221;][et_pb_column type=&#8221;3_5&#8243;][et_pb_text admin_label=&#8221;CTA Text&#8221; _builder_version=&#8221;3.17.6&#8243; text_orientation=&#8221;right&#8221;]<\/p>\n<h2 class=\"cta-title\">Potrzebujesz dalszych informacji<\/h2>\n<p>[\/et_pb_text][\/et_pb_column][et_pb_column type=&#8221;2_5&#8243;][et_pb_text admin_label=&#8221;CTA Btn&#8221; _builder_version=&#8221;3.17.6&#8243;]<\/p>\n<p><a class=\"cta-btn\" href=\"\/pl\/contact\/\">Skontaktuj si\u0119 z nami<\/a><\/p>\n<p>[\/et_pb_text][\/et_pb_column][\/et_pb_row][\/et_pb_section][et_pb_section bb_built=&#8221;1&#8243; specialty=&#8221;off&#8221; prev_background_color=&#8221;#477693&#8243; _builder_version=&#8221;3.17.6&#8243; custom_padding=&#8221;0px|0px|0px|0px&#8221; global_module=&#8221;241&#8243;][et_pb_row global_parent=&#8221;241&#8243; _builder_version=&#8221;3.17.6&#8243; custom_padding=&#8221;0px|0px|0px|0px&#8221; use_custom_width=&#8221;on&#8221; width_unit=&#8221;off&#8221; custom_width_percent=&#8221;100%&#8221;][et_pb_column type=&#8221;4_4&#8243;][et_pb_map_extended global_parent=&#8221;241&#8243; _builder_version=&#8221;3.17.6&#8243; address_lat=&#8221;36.544148&#8243; address_lng=&#8221;-4.624943900000062&#8243; address=&#8221;29640 Fuengirola, M\u00e1laga, Espa\u00f1a&#8221; marker_label_bg=&#8221;rgba(80,80,80,0.9)&#8221; marker_animation=&#8221;on&#8221; use_grayscale_filter=&#8221;on&#8221; map_custom_style=&#8221;on&#8221; map_custom_code=&#8221;%91<br \/>\n    {<br \/>\n        %22featureType%22: %22administrative%22,<br \/>\n        %22elementType%22: %22all%22,<br \/>\n        %22stylers%22: %91<br \/>\n            {<br \/>\n                %22saturation%22: %22-100%22<br \/>\n            }<br \/>\n        %93<br \/>\n    },<br \/>\n    {<br \/>\n        %22featureType%22: %22administrative.province%22,<br \/>\n        %22elementType%22: %22all%22,<br \/>\n        %22stylers%22: %91<br \/>\n            {<br \/>\n                %22visibility%22: %22off%22<br \/>\n            }<br \/>\n        %93<br \/>\n    },<br \/>\n    {<br \/>\n        %22featureType%22: %22landscape%22,<br \/>\n        %22elementType%22: %22all%22,<br \/>\n        %22stylers%22: %91<br \/>\n            {<br \/>\n                %22saturation%22: -100<br \/>\n            },<br \/>\n            {<br \/>\n                %22lightness%22: 65<br \/>\n            },<br \/>\n            {<br \/>\n                %22visibility%22: %22on%22<br \/>\n            }<br \/>\n        %93<br \/>\n    },<br \/>\n    {<br \/>\n        %22featureType%22: %22poi%22,<br \/>\n        %22elementType%22: %22all%22,<br \/>\n        %22stylers%22: %91<br \/>\n            {<br \/>\n                %22saturation%22: -100<br \/>\n            },<br \/>\n            {<br \/>\n                %22lightness%22: %2250%22<br \/>\n            },<br \/>\n            {<br \/>\n                %22visibility%22: %22simplified%22<br \/>\n            }<br \/>\n        %93<br \/>\n    },<br \/>\n    {<br \/>\n        %22featureType%22: %22road%22,<br \/>\n        %22elementType%22: %22all%22,<br \/>\n        %22stylers%22: %91<br \/>\n            {<br \/>\n                %22saturation%22: %22-100%22<br \/>\n            }<br \/>\n        %93<br \/>\n    },<br \/>\n    {<br \/>\n        %22featureType%22: %22road.highway%22,<br \/>\n        %22elementType%22: %22all%22,<br \/>\n        %22stylers%22: %91<br \/>\n            {<br \/>\n                %22visibility%22: %22simplified%22<br \/>\n            }<br \/>\n        %93<br \/>\n    },<br \/>\n    {<br \/>\n        %22featureType%22: %22road.arterial%22,<br \/>\n        %22elementType%22: %22all%22,<br \/>\n        %22stylers%22: %91<br \/>\n            {<br \/>\n                %22lightness%22: %2230%22<br \/>\n            }<br \/>\n        %93<br \/>\n    },<br \/>\n    {<br \/>\n        %22featureType%22: %22road.local%22,<br \/>\n        %22elementType%22: %22all%22,<br \/>\n        %22stylers%22: %91<br \/>\n            {<br \/>\n                %22lightness%22: %2240%22<br \/>\n            }<br \/>\n        %93<br \/>\n    },<br \/>\n    {<br \/>\n        %22featureType%22: %22transit%22,<br \/>\n        %22elementType%22: %22all%22,<br \/>\n        %22stylers%22: %91<br \/>\n            {<br \/>\n                %22saturation%22: -100<br \/>\n            },<br \/>\n            {<br \/>\n                %22visibility%22: %22simplified%22<br \/>\n            }<br \/>\n        %93<br \/>\n    },<br \/>\n    {<br \/>\n        %22featureType%22: %22water%22,<br \/>\n        %22elementType%22: %22geometry%22,<br \/>\n        %22stylers%22: %91<br \/>\n            {<br \/>\n                %22hue%22: %22#ffff00%22<br \/>\n            },<br \/>\n            {<br \/>\n                %22lightness%22: -25<br \/>\n            },<br \/>\n            {<br \/>\n                %22saturation%22: -97<br \/>\n            }<br \/>\n        %93<br \/>\n    },<br \/>\n    {<br \/>\n        %22featureType%22: %22water%22,<br \/>\n        %22elementType%22: %22labels%22,<br \/>\n        %22stylers%22: %91<br \/>\n            {<br \/>\n                %22lightness%22: -25<br \/>\n            },<br \/>\n            {<br \/>\n                %22saturation%22: -100<br \/>\n            }<br \/>\n        %93<br \/>\n    }<br \/>\n%93&#8243; grayscale_filter_amount=&#8221;100&#8243; mouse_wheel=&#8221;off&#8221; \/][\/et_pb_column][\/et_pb_row][\/et_pb_section]<\/p>\n","protected":false},"excerpt":{"rendered":"<p><div class=\"et_pb_row et_pb_row_0 et_pb_row_empty\">\n\t\t\t\t\n\t\t\t\t\n\t\t\t\t\n\t\t\t\t\n\t\t\t\t\n\t\t\t<\/div> Pa\u0144stwa dom jest naszym domem. Zaopiekujemy si\u0119 nim podczas Pa\u0144stwa nieobecno\u015bci. Posiadanie nieruchomo\u015bci w Hiszpanii b\u0119dzie dla Pa\u0144stwa przyjemno\u015bci\u0105 opart\u0105 na porz\u0105dku i poczuciu bezpiecze\u0144stwa. Regularna dba\u0142o\u015b\u0107 o apartament nie tylko zapewni Pa\u0144stwu spok\u00f3j, ale tak\u017ce podniesie warto\u015b\u0107 nieruchomo\u015bci w oczach zainteresowanych najmem. Zajmiemy si\u0119 Pa\u0144stwa nieruchomo\u015bci\u0105 tak, \u017ceby przynosi\u0142a zysk. Je\u015bli dokonujecie zakupu [&hellip;]<\/p>\n","protected":false},"author":1,"featured_media":0,"parent":0,"menu_order":0,"comment_status":"closed","ping_status":"closed","template":"","meta":{"_et_pb_use_builder":"on","_et_pb_old_content":"","_et_gb_content_width":"","footnotes":""},"class_list":["post-402","page","type-page","status-publish","hentry"],"_links":{"self":[{"href":"https:\/\/sunandblue.eu\/pl\/wp-json\/wp\/v2\/pages\/402","targetHints":{"allow":["GET"]}}],"collection":[{"href":"https:\/\/sunandblue.eu\/pl\/wp-json\/wp\/v2\/pages"}],"about":[{"href":"https:\/\/sunandblue.eu\/pl\/wp-json\/wp\/v2\/types\/page"}],"author":[{"embeddable":true,"href":"https:\/\/sunandblue.eu\/pl\/wp-json\/wp\/v2\/users\/1"}],"replies":[{"embeddable":true,"href":"https:\/\/sunandblue.eu\/pl\/wp-json\/wp\/v2\/comments?post=402"}],"version-history":[{"count":5,"href":"https:\/\/sunandblue.eu\/pl\/wp-json\/wp\/v2\/pages\/402\/revisions"}],"predecessor-version":[{"id":483,"href":"https:\/\/sunandblue.eu\/pl\/wp-json\/wp\/v2\/pages\/402\/revisions\/483"}],"wp:attachment":[{"href":"https:\/\/sunandblue.eu\/pl\/wp-json\/wp\/v2\/media?parent=402"}],"curies":[{"name":"wp","href":"https:\/\/api.w.org\/{rel}","templated":true}]}}