{"id":889,"date":"2019-01-28T09:29:23","date_gmt":"2019-01-28T09:29:23","guid":{"rendered":"http:\/\/sunandblue.eu\/rentals\/"},"modified":"2019-04-25T10:03:16","modified_gmt":"2019-04-25T10:03:16","slug":"wynajem","status":"publish","type":"page","link":"https:\/\/sunandblue.eu\/pl\/wynajem\/","title":{"rendered":"WYNAJEM-SKONTAKTUJ SI\u0118 ZNAMI"},"content":{"rendered":"<p>[et_pb_section bb_built=&#8221;1&#8243;][et_pb_row][\/et_pb_row][\/et_pb_section]<\/p>\n","protected":false},"excerpt":{"rendered":"<p>MARZYSZ BY SP\u0118DZI\u0106 W S\u0141ONECZNEJ HISZPANII KILKA DNI? POWIEDZ, CZEGO OCZEKUJESZ &#8211; PRZYGOTUJEMY USZYT\u0104 NA MIAR\u0118 OFERT\u0118!<\/p>\n","protected":false},"author":1,"featured_media":0,"parent":0,"menu_order":0,"comment_status":"closed","ping_status":"closed","template":"","meta":{"_et_pb_use_builder":"on","_et_pb_old_content":"","_et_gb_content_width":"","footnotes":""},"class_list":["post-889","page","type-page","status-publish","hentry"],"_links":{"self":[{"href":"https:\/\/sunandblue.eu\/pl\/wp-json\/wp\/v2\/pages\/889","targetHints":{"allow":["GET"]}}],"collection":[{"href":"https:\/\/sunandblue.eu\/pl\/wp-json\/wp\/v2\/pages"}],"about":[{"href":"https:\/\/sunandblue.eu\/pl\/wp-json\/wp\/v2\/types\/page"}],"author":[{"embeddable":true,"href":"https:\/\/sunandblue.eu\/pl\/wp-json\/wp\/v2\/users\/1"}],"replies":[{"embeddable":true,"href":"https:\/\/sunandblue.eu\/pl\/wp-json\/wp\/v2\/comments?post=889"}],"version-history":[{"count":5,"href":"https:\/\/sunandblue.eu\/pl\/wp-json\/wp\/v2\/pages\/889\/revisions"}],"predecessor-version":[{"id":27775,"href":"https:\/\/sunandblue.eu\/pl\/wp-json\/wp\/v2\/pages\/889\/revisions\/27775"}],"wp:attachment":[{"href":"https:\/\/sunandblue.eu\/pl\/wp-json\/wp\/v2\/media?parent=889"}],"curies":[{"name":"wp","href":"https:\/\/api.w.org\/{rel}","templated":true}]}}